{"id":1996,"date":"2017-11-28T16:11:37","date_gmt":"2017-11-28T15:11:37","guid":{"rendered":"http:\/\/podrozemaleiduze.co\/?page_id=1996"},"modified":"2017-11-28T18:11:47","modified_gmt":"2017-11-28T17:11:47","slug":"podroze","status":"publish","type":"page","link":"http:\/\/podrozemaleiduze.co\/index.php\/podroze\/","title":{"rendered":"Podr\u00f3\u017ce"},"content":{"rendered":"<p>Podr\u00f3\u017c<\/p>\n","protected":false},"excerpt":{"rendered":"<p>Podr\u00f3\u017c<\/p>\n","protected":false},"author":1,"featured_media":0,"parent":0,"menu_order":0,"comment_status":"closed","ping_status":"closed","template":"","meta":[],"yst_prominent_words":[],"_links":{"self":[{"href":"http:\/\/podrozemaleiduze.co\/index.php\/wp-json\/wp\/v2\/pages\/1996"}],"collection":[{"href":"http:\/\/podrozemaleiduze.co\/index.php\/wp-json\/wp\/v2\/pages"}],"about":[{"href":"http:\/\/podrozemaleiduze.co\/index.php\/wp-json\/wp\/v2\/types\/page"}],"author":[{"embeddable":true,"href":"http:\/\/podrozemaleiduze.co\/index.php\/wp-json\/wp\/v2\/users\/1"}],"replies":[{"embeddable":true,"href":"http:\/\/podrozemaleiduze.co\/index.php\/wp-json\/wp\/v2\/comments?post=1996"}],"version-history":[{"count":2,"href":"http:\/\/podrozemaleiduze.co\/index.php\/wp-json\/wp\/v2\/pages\/1996\/revisions"}],"predecessor-version":[{"id":2010,"href":"http:\/\/podrozemaleiduze.co\/index.php\/wp-json\/wp\/v2\/pages\/1996\/revisions\/2010"}],"wp:attachment":[{"href":"http:\/\/podrozemaleiduze.co\/index.php\/wp-json\/wp\/v2\/media?parent=1996"}],"wp:term":[{"taxonomy":"yst_prominent_words","embeddable":true,"href":"http:\/\/podrozemaleiduze.co\/index.php\/wp-json\/wp\/v2\/yst_prominent_words?post=1996"}],"curies":[{"name":"wp","href":"https:\/\/api.w.org\/{rel}","templated":true}]}}